{"id":968,"date":"2025-07-15T15:43:37","date_gmt":"2025-07-15T15:43:37","guid":{"rendered":"https:\/\/iap-salcher.at\/wordpress\/?page_id=968"},"modified":"2025-09-20T08:21:27","modified_gmt":"2025-09-20T08:21:27","slug":"hardware-planung","status":"publish","type":"page","link":"https:\/\/ias-salcher.at\/index.php\/hardware-planung\/","title":{"rendered":"Hardware Planung"},"content":{"rendered":"<p>[et_pb_section fb_built=&#8220;1&#8243; _builder_version=&#8220;4.27.4&#8243; _module_preset=&#8220;default&#8220; background_color=&#8220;#e2e2e2&#8243; background_image=&#8220;https:\/\/ias-salcher.at\/wordpress\/wp-content\/uploads\/2025\/07\/Vorlage-2_WS.png&#8220; custom_padding=&#8220;5px||5px||false|false&#8220; global_colors_info=&#8220;{}&#8220; theme_builder_area=&#8220;post_content&#8220;][et_pb_row _builder_version=&#8220;4.27.2&#8243; _module_preset=&#8220;default&#8220; background_color=&#8220;#FFFFFF&#8220; background_image=&#8220;http:\/\/localhost\/wordpress\/wp-content\/uploads\/2025\/01\/tes.png&#8220; min_height=&#8220;994px&#8220; custom_margin=&#8220;15px|auto|15px|auto|false|false&#8220; custom_padding=&#8220;32px|30px||30px|false|false&#8220; animation_style=&#8220;fade&#8220; border_radii=&#8220;on|15px|15px|15px|15px&#8220; border_width_all=&#8220;1px&#8220; border_color_all=&#8220;#000000&#8243; global_colors_info=&#8220;{}&#8220; theme_builder_area=&#8220;post_content&#8220;][et_pb_column type=&#8220;4_4&#8243; _builder_version=&#8220;4.27.2&#8243; _module_preset=&#8220;default&#8220; global_colors_info=&#8220;{}&#8220; theme_builder_area=&#8220;post_content&#8220;][et_pb_text _builder_version=&#8220;4.27.4&#8243; _module_preset=&#8220;default&#8220; global_colors_info=&#8220;{}&#8220; theme_builder_area=&#8220;post_content&#8220;]<\/p>\n<h2 style=\"text-align: center;\"><span>DAMIT IHR PROJEKT FAHRT AUFNIMMT. RASCH. ZIELGENAU. VERL\u00c4SSLICH.<\/span><\/h2>\n<p>[\/et_pb_text][et_pb_text _builder_version=&#8220;4.27.2&#8243; _module_preset=&#8220;default&#8220; text_text_color=&#8220;#FFFFFF&#8220; background_enable_color=&#8220;off&#8220; custom_padding=&#8220;10px||0px||false|false&#8220; border_width_top=&#8220;2px&#8220; border_width_bottom=&#8220;2px&#8220; global_colors_info=&#8220;{}&#8220; theme_builder_area=&#8220;post_content&#8220;]<\/p>\n<h1 style=\"text-align: center;\"><strong>Hardwareplanung inkl. Schaltschrankbau<\/strong><\/h1>\n<p>[\/et_pb_text][et_pb_text _builder_version=&#8220;4.27.2&#8243; _module_preset=&#8220;default&#8220; global_colors_info=&#8220;{}&#8220; theme_builder_area=&#8220;post_content&#8220;]<\/p>\n<h3 style=\"text-align: justify;\"><span style=\"font-size: medium;\">Wir liefern effiziente Hardware-Planung mit EPLAN P8 und AutoCAD, inklusive integrierter Dokumentation und interdisziplin\u00e4rer Zusammenarbeit f\u00fcr hochwertige Automatisierungsprojekte.<\/span><\/h3>\n<h2 style=\"text-align: center;\"><span style=\"font-size: medium;\">Zu unseren Dienstleistungen z\u00e4hlen unter anderem:<\/span><\/h2>\n<ul>\n<li>Bestandsaufnahmen von Altanlagen<\/li>\n<li>Erstellen von Instrumentenlisten<\/li>\n<li>Erstellen von Verbraucherlisten<\/li>\n<li>Erstellen von IO-Listen<\/li>\n<li>Sicherheitskreise<\/li>\n<li>Planung im Ex-Bereich<\/li>\n<li>Typicals-Erstellung<\/li>\n<li>Schaltschrankplanung<\/li>\n<li>Loopplanung<\/li>\n<li>Artikellistenverwaltung<\/li>\n<li>Altdokumentation in Eplan integrieren<\/li>\n<li>Erstellen intelligenter .pdf-Files<\/li>\n<\/ul>\n<p>&nbsp;<\/p>\n<p>[\/et_pb_text][et_pb_image src=&#8220;https:\/\/ias-salcher.at\/wordpress\/wp-content\/uploads\/2025\/07\/Simon-Fortmueller-7-scaled-1.jpg&#8220; title_text=&#8220;Simon Fortmu\u0308ller-7&#8243; align=&#8220;center&#8220; _builder_version=&#8220;4.27.4&#8243; _module_preset=&#8220;default&#8220; box_shadow_style=&#8220;preset1&#8243; global_colors_info=&#8220;{}&#8220; theme_builder_area=&#8220;post_content&#8220;][\/et_pb_image][\/et_pb_column][\/et_pb_row][\/et_pb_section]<\/p>\n","protected":false},"excerpt":{"rendered":"<p>DAMIT IHR PROJEKT FAHRT AUFNIMMT. RASCH. ZIELGENAU. VERL\u00c4SSLICH.Hardwareplanung inkl. SchaltschrankbauWir liefern effiziente Hardware-Planung mit EPLAN P8 und AutoCAD, inklusive integrierter Dokumentation und interdisziplin\u00e4rer Zusammenarbeit f\u00fcr hochwertige Automatisierungsprojekte. Zu unseren Dienstleistungen z\u00e4hlen unter anderem: Bestandsaufnahmen von Altanlagen Erstellen von Instrumentenlisten Erstellen von Verbraucherlisten Erstellen von IO-Listen Sicherheitskreise Planung im Ex-Bereich Typicals-Erstellung Schaltschrankplanung Loopplanung Artikellistenverwaltung Altdokumentation in [&hellip;]<\/p>\n","protected":false},"author":2,"featured_media":0,"parent":0,"menu_order":0,"comment_status":"closed","ping_status":"closed","template":"","meta":{"_et_pb_use_builder":"on","_et_pb_old_content":"","_et_gb_content_width":"","footnotes":"","_links_to":"","_links_to_target":""},"class_list":["post-968","page","type-page","status-publish","hentry"],"yoast_head":"<!-- This site is optimized with the Yoast SEO plugin v26.1.1 - https:\/\/yoast.com\/wordpress\/plugins\/seo\/ -->\n<title>Hardware Planung - IAS-Salcher GmbH<\/title>\n<meta name=\"robots\" content=\"index, follow, max-snippet:-1, max-image-preview:large, max-video-preview:-1\" \/>\n<link rel=\"canonical\" href=\"https:\/\/ias-salcher.at\/index.php\/hardware-planung\/\" \/>\n<meta property=\"og:locale\" content=\"de_DE\" \/>\n<meta property=\"og:type\" content=\"article\" \/>\n<meta property=\"og:title\" content=\"Hardware Planung - IAS-Salcher GmbH\" \/>\n<meta property=\"og:description\" content=\"DAMIT IHR PROJEKT FAHRT AUFNIMMT. RASCH. ZIELGENAU. VERL\u00c4SSLICH.Hardwareplanung inkl. SchaltschrankbauWir liefern effiziente Hardware-Planung mit EPLAN P8 und AutoCAD, inklusive integrierter Dokumentation und interdisziplin\u00e4rer Zusammenarbeit f\u00fcr hochwertige Automatisierungsprojekte. Zu unseren Dienstleistungen z\u00e4hlen unter anderem: Bestandsaufnahmen von Altanlagen Erstellen von Instrumentenlisten Erstellen von Verbraucherlisten Erstellen von IO-Listen Sicherheitskreise Planung im Ex-Bereich Typicals-Erstellung Schaltschrankplanung Loopplanung Artikellistenverwaltung Altdokumentation in [&hellip;]\" \/>\n<meta property=\"og:url\" content=\"https:\/\/ias-salcher.at\/index.php\/hardware-planung\/\" \/>\n<meta property=\"og:site_name\" content=\"IAS-Salcher GmbH\" \/>\n<meta property=\"article:modified_time\" content=\"2025-09-20T08:21:27+00:00\" \/>\n<meta name=\"twitter:card\" content=\"summary_large_image\" \/>\n<meta name=\"twitter:label1\" content=\"Gesch\u00e4tzte Lesezeit\" \/>\n\t<meta name=\"twitter:data1\" content=\"2\u00a0Minuten\" \/>\n<script type=\"application\/ld+json\" class=\"yoast-schema-graph\">{\"@context\":\"https:\/\/schema.org\",\"@graph\":[{\"@type\":\"WebPage\",\"@id\":\"https:\/\/ias-salcher.at\/index.php\/hardware-planung\/\",\"url\":\"https:\/\/ias-salcher.at\/index.php\/hardware-planung\/\",\"name\":\"Hardware Planung - IAS-Salcher GmbH\",\"isPartOf\":{\"@id\":\"https:\/\/ias-salcher.at\/#website\"},\"datePublished\":\"2025-07-15T15:43:37+00:00\",\"dateModified\":\"2025-09-20T08:21:27+00:00\",\"breadcrumb\":{\"@id\":\"https:\/\/ias-salcher.at\/index.php\/hardware-planung\/#breadcrumb\"},\"inLanguage\":\"de\",\"potentialAction\":[{\"@type\":\"ReadAction\",\"target\":[\"https:\/\/ias-salcher.at\/index.php\/hardware-planung\/\"]}]},{\"@type\":\"BreadcrumbList\",\"@id\":\"https:\/\/ias-salcher.at\/index.php\/hardware-planung\/#breadcrumb\",\"itemListElement\":[{\"@type\":\"ListItem\",\"position\":1,\"name\":\"Startseite\",\"item\":\"https:\/\/ias-salcher.at\/\"},{\"@type\":\"ListItem\",\"position\":2,\"name\":\"Hardware Planung\"}]},{\"@type\":\"WebSite\",\"@id\":\"https:\/\/ias-salcher.at\/#website\",\"url\":\"https:\/\/ias-salcher.at\/\",\"name\":\"IAS-Salcher GmbH\",\"description\":\"\",\"publisher\":{\"@id\":\"https:\/\/ias-salcher.at\/#organization\"},\"potentialAction\":[{\"@type\":\"SearchAction\",\"target\":{\"@type\":\"EntryPoint\",\"urlTemplate\":\"https:\/\/ias-salcher.at\/?s={search_term_string}\"},\"query-input\":{\"@type\":\"PropertyValueSpecification\",\"valueRequired\":true,\"valueName\":\"search_term_string\"}}],\"inLanguage\":\"de\"},{\"@type\":\"Organization\",\"@id\":\"https:\/\/ias-salcher.at\/#organization\",\"name\":\"IAS-Salcher GmbH\",\"url\":\"https:\/\/ias-salcher.at\/\",\"logo\":{\"@type\":\"ImageObject\",\"inLanguage\":\"de\",\"@id\":\"https:\/\/ias-salcher.at\/#\/schema\/logo\/image\/\",\"url\":\"https:\/\/ias-salcher.at\/wordpress\/wp-content\/uploads\/2025\/07\/Firmenlogo.png\",\"contentUrl\":\"https:\/\/ias-salcher.at\/wordpress\/wp-content\/uploads\/2025\/07\/Firmenlogo.png\",\"width\":130,\"height\":100,\"caption\":\"IAS-Salcher GmbH\"},\"image\":{\"@id\":\"https:\/\/ias-salcher.at\/#\/schema\/logo\/image\/\"},\"sameAs\":[\"https:\/\/at.linkedin.com\/company\/ias-salcher\"]}]}<\/script>\n<!-- \/ Yoast SEO plugin. -->","yoast_head_json":{"title":"Hardware Planung - IAS-Salcher GmbH","robots":{"index":"index","follow":"follow","max-snippet":"max-snippet:-1","max-image-preview":"max-image-preview:large","max-video-preview":"max-video-preview:-1"},"canonical":"https:\/\/ias-salcher.at\/index.php\/hardware-planung\/","og_locale":"de_DE","og_type":"article","og_title":"Hardware Planung - IAS-Salcher GmbH","og_description":"DAMIT IHR PROJEKT FAHRT AUFNIMMT. RASCH. ZIELGENAU. VERL\u00c4SSLICH.Hardwareplanung inkl. SchaltschrankbauWir liefern effiziente Hardware-Planung mit EPLAN P8 und AutoCAD, inklusive integrierter Dokumentation und interdisziplin\u00e4rer Zusammenarbeit f\u00fcr hochwertige Automatisierungsprojekte. Zu unseren Dienstleistungen z\u00e4hlen unter anderem: Bestandsaufnahmen von Altanlagen Erstellen von Instrumentenlisten Erstellen von Verbraucherlisten Erstellen von IO-Listen Sicherheitskreise Planung im Ex-Bereich Typicals-Erstellung Schaltschrankplanung Loopplanung Artikellistenverwaltung Altdokumentation in [&hellip;]","og_url":"https:\/\/ias-salcher.at\/index.php\/hardware-planung\/","og_site_name":"IAS-Salcher GmbH","article_modified_time":"2025-09-20T08:21:27+00:00","twitter_card":"summary_large_image","twitter_misc":{"Gesch\u00e4tzte Lesezeit":"2\u00a0Minuten"},"schema":{"@context":"https:\/\/schema.org","@graph":[{"@type":"WebPage","@id":"https:\/\/ias-salcher.at\/index.php\/hardware-planung\/","url":"https:\/\/ias-salcher.at\/index.php\/hardware-planung\/","name":"Hardware Planung - IAS-Salcher GmbH","isPartOf":{"@id":"https:\/\/ias-salcher.at\/#website"},"datePublished":"2025-07-15T15:43:37+00:00","dateModified":"2025-09-20T08:21:27+00:00","breadcrumb":{"@id":"https:\/\/ias-salcher.at\/index.php\/hardware-planung\/#breadcrumb"},"inLanguage":"de","potentialAction":[{"@type":"ReadAction","target":["https:\/\/ias-salcher.at\/index.php\/hardware-planung\/"]}]},{"@type":"BreadcrumbList","@id":"https:\/\/ias-salcher.at\/index.php\/hardware-planung\/#breadcrumb","itemListElement":[{"@type":"ListItem","position":1,"name":"Startseite","item":"https:\/\/ias-salcher.at\/"},{"@type":"ListItem","position":2,"name":"Hardware Planung"}]},{"@type":"WebSite","@id":"https:\/\/ias-salcher.at\/#website","url":"https:\/\/ias-salcher.at\/","name":"IAS-Salcher GmbH","description":"","publisher":{"@id":"https:\/\/ias-salcher.at\/#organization"},"potentialAction":[{"@type":"SearchAction","target":{"@type":"EntryPoint","urlTemplate":"https:\/\/ias-salcher.at\/?s={search_term_string}"},"query-input":{"@type":"PropertyValueSpecification","valueRequired":true,"valueName":"search_term_string"}}],"inLanguage":"de"},{"@type":"Organization","@id":"https:\/\/ias-salcher.at\/#organization","name":"IAS-Salcher GmbH","url":"https:\/\/ias-salcher.at\/","logo":{"@type":"ImageObject","inLanguage":"de","@id":"https:\/\/ias-salcher.at\/#\/schema\/logo\/image\/","url":"https:\/\/ias-salcher.at\/wordpress\/wp-content\/uploads\/2025\/07\/Firmenlogo.png","contentUrl":"https:\/\/ias-salcher.at\/wordpress\/wp-content\/uploads\/2025\/07\/Firmenlogo.png","width":130,"height":100,"caption":"IAS-Salcher GmbH"},"image":{"@id":"https:\/\/ias-salcher.at\/#\/schema\/logo\/image\/"},"sameAs":["https:\/\/at.linkedin.com\/company\/ias-salcher"]}]}},"_links":{"self":[{"href":"https:\/\/ias-salcher.at\/index.php\/wp-json\/wp\/v2\/pages\/968","targetHints":{"allow":["GET"]}}],"collection":[{"href":"https:\/\/ias-salcher.at\/index.php\/wp-json\/wp\/v2\/pages"}],"about":[{"href":"https:\/\/ias-salcher.at\/index.php\/wp-json\/wp\/v2\/types\/page"}],"author":[{"embeddable":true,"href":"https:\/\/ias-salcher.at\/index.php\/wp-json\/wp\/v2\/users\/2"}],"replies":[{"embeddable":true,"href":"https:\/\/ias-salcher.at\/index.php\/wp-json\/wp\/v2\/comments?post=968"}],"version-history":[{"count":1,"href":"https:\/\/ias-salcher.at\/index.php\/wp-json\/wp\/v2\/pages\/968\/revisions"}],"predecessor-version":[{"id":1255,"href":"https:\/\/ias-salcher.at\/index.php\/wp-json\/wp\/v2\/pages\/968\/revisions\/1255"}],"wp:attachment":[{"href":"https:\/\/ias-salcher.at\/index.php\/wp-json\/wp\/v2\/media?parent=968"}],"curies":[{"name":"wp","href":"https:\/\/api.w.org\/{rel}","templated":true}]}}