{"id":948,"date":"2025-07-15T15:23:28","date_gmt":"2025-07-15T15:23:28","guid":{"rendered":"https:\/\/iap-salcher.at\/wordpress\/?page_id=948"},"modified":"2025-09-25T16:36:52","modified_gmt":"2025-09-25T16:36:52","slug":"home-ias-salcher-gmbh","status":"publish","type":"page","link":"https:\/\/ias-salcher.at\/","title":{"rendered":"Home"},"content":{"rendered":"\n[et_pb_section fb_built=&#8220;1&#8243; _builder_version=&#8220;4.27.4&#8243; _module_preset=&#8220;default&#8220; background_image=&#8220;https:\/\/ias-salcher.at\/wordpress\/wp-content\/uploads\/2025\/07\/industry-525119_1280.jpg&#8220; global_colors_info=&#8220;{}&#8220; theme_builder_area=&#8220;post_content&#8220;][et_pb_row _builder_version=&#8220;4.27.4&#8243; _module_preset=&#8220;default&#8220; custom_margin=&#8220;10px||||false|false&#8220; custom_padding=&#8220;10px|10px|10px|10px|false|false&#8220; global_colors_info=&#8220;{}&#8220; theme_builder_area=&#8220;post_content&#8220;][et_pb_column type=&#8220;4_4&#8243; _builder_version=&#8220;4.27.4&#8243; _module_preset=&#8220;default&#8220; global_colors_info=&#8220;{}&#8220; theme_builder_area=&#8220;post_content&#8220;][et_pb_text _builder_version=&#8220;4.27.4&#8243; _module_preset=&#8220;default&#8220; background_image=&#8220;https:\/\/ias-salcher.at\/wordpress\/wp-content\/uploads\/2025\/07\/tes2-4.png&#8220; width=&#8220;100%&#8220; max_width=&#8220;100%&#8220; module_alignment=&#8220;center&#8220; border_radii=&#8220;on|25px|25px|25px|25px&#8220; global_colors_info=&#8220;{}&#8220; theme_builder_area=&#8220;post_content&#8220;]<h1 style=\"text-align: center;\"><span style=\"color: #ffffff;\"><\/span><\/h1>\n<h1 style=\"text-align: center;\"><span style=\"color: #ffffff;\"><\/span><\/h1>\n<h1 style=\"text-align: center;\"><span style=\"color: #ffffff;\"><\/span><\/h1>\n<h1 style=\"text-align: center;\"><span style=\"color: #ffffff;\">Willkommen bei IAS Salcher GmbH<\/span><\/h1>\n<p style=\"text-align: center;\"><span style=\"color: #ffffff;\"><strong>Unser Unternehmen, das als Ingenieursb\u00fcro f\u00fcr Elektro- und Automatisierungstechnik gegr\u00fcndet wurde, ist seit 1992 als Dienstleister \u00e4u\u00dferst erfolgreich am Gebiet der Mess-, Steuerungs- und Regeltechnik (MSRT) sowie in der Automatisierung und der Prozesstechnik t\u00e4tig.\u00a0Zu unseren Kunden k\u00f6nnen wir namhafte Firmen wie Andritz AG,\u00a0Honeywell, GAW, Norske Skog, Sappi, Primetals und Voith z\u00e4hlen.<br \/><\/strong><\/span><\/p>\n<p style=\"text-align: center;\"><span style=\"color: #ffffff;\">Unser Credo. Umfassende Beratung, Flexibilit\u00e4t und voller Einsatz stehen f\u00fcr uns an vorderster Stelle, damit wir h\u00f6chste Kundenzufriedenheit gew\u00e4hrleisten k\u00f6nnen.<\/span><\/p>\n<p style=\"text-align: center;\"><span style=\"color: #ffffff;\">Die Bereitschaft etwas mehr zu geben, zeichnet unser Unternehmen aus. Um die Effizienz und Kontinuit\u00e4t bei der Projektabwicklung zu gew\u00e4hrleisten, setzen wir nach M\u00f6glichkeit bewusst immer dieselben Mitarbeiter im jeweiligen Projekt ein. So erzielen wir nicht nur eine bessere Identifikation des Projektbearbeiters mit seiner Anlage, sondern auch eine optimale Abwicklung ohne Reibungsverluste.<\/span><\/p>\n<p style=\"text-align: center;\"><span style=\"color: #ffffff;\">Unsere Werbung hei\u00dft Kundenzufriedenheit: Ein zufriedener Kunde ist f\u00fcr uns die beste Empfehlung. Daher ist jedem unserer Mitarbeiter bewusst, dass sein Einsatz entscheidend dazu beitr\u00e4gt, Folgeauftr\u00e4ge zu erhalten.\u00a0<\/span><\/p>\n<p style=\"text-align: center;\"><span style=\"color: #ffffff;\">Namhafte Kunden begleiten uns auf diesem Erfolgsweg. Dass immer mehr Partner aus der Industrie auf die Qualit\u00e4ten von IAS Salcher setzen, ist f\u00fcr uns der Beweis, dass wir den richtigen Weg eingeschlagen haben. Das erf\u00fcllt uns mit Stolz und der Motivation, diesen Anspr\u00fcchen auch in Zukunft gerecht zu werden.<\/span><\/p>\n<p style=\"text-align: center;\"><span style=\"color: #ffffff;\"><\/span><\/p>\n<p style=\"text-align: center;\"><span style=\"color: #ffffff;\"><\/span><\/p>\n<p style=\"text-align: center;\"><span style=\"color: #ffffff;\"><\/span><\/p>[\/et_pb_text][\/et_pb_column][\/et_pb_row][et_pb_row _builder_version=&#8220;4.27.2&#8243; _module_preset=&#8220;default&#8220; global_colors_info=&#8220;{}&#8220; theme_builder_area=&#8220;post_content&#8220;][et_pb_column type=&#8220;4_4&#8243; _builder_version=&#8220;4.27.2&#8243; _module_preset=&#8220;default&#8220; global_colors_info=&#8220;{}&#8220; theme_builder_area=&#8220;post_content&#8220;][et_pb_text _builder_version=&#8220;4.27.4&#8243; _module_preset=&#8220;default&#8220; text_text_color=&#8220;#FFFFFF&#8220; text_font_size=&#8220;34px&#8220; text_orientation=&#8220;center&#8220; max_width=&#8220;100%&#8220; height=&#8220;42px&#8220; height_tablet=&#8220;60px&#8220; height_phone=&#8220;60px&#8220; height_last_edited=&#8220;on|phone&#8220; max_height=&#8220;1210px&#8220; header_text_shadow_style=&#8220;preset5&#8243; header_text_shadow_blur_strength=&#8220;0.23em&#8220; header_text_shadow_color=&#8220;#000000&#8243; border_radii=&#8220;on|15px|15px|15px|15px&#8220; global_colors_info=&#8220;{}&#8220; theme_builder_area=&#8220;post_content&#8220;]<p style=\"text-align: center;\"><strong>Unsere Schwerpunkte<\/strong><\/p>[\/et_pb_text][\/et_pb_column][\/et_pb_row][et_pb_row column_structure=&#8220;1_4,1_4,1_4,1_4&#8243; disabled_on=&#8220;off|off|off&#8220; _builder_version=&#8220;4.27.2&#8243; _module_preset=&#8220;default&#8220; max_width=&#8220;2164px&#8220; custom_margin=&#8220;0px||||false|false&#8220; custom_padding=&#8220;||27px|||&#8220; global_colors_info=&#8220;{}&#8220; custom_css_main_element__hover_enabled=&#8220;on|hover&#8220; theme_builder_area=&#8220;post_content&#8220;][et_pb_column type=&#8220;1_4&#8243; _builder_version=&#8220;4.27.2&#8243; _module_preset=&#8220;default&#8220; border_radii=&#8220;off|15px|15px||&#8220; global_colors_info=&#8220;{}&#8220; theme_builder_area=&#8220;post_content&#8220;][et_pb_blog fullwidth=&#8220;off&#8220; posts_number=&#8220;1&#8243; include_categories=&#8220;6&#8243; show_author=&#8220;off&#8220; show_date=&#8220;off&#8220; show_categories=&#8220;off&#8220; show_pagination=&#8220;off&#8220; _builder_version=&#8220;4.27.4&#8243; _dynamic_attributes=&#8220;link_option_url&#8220; _module_preset=&#8220;default&#8220; read_more_text_color=&#8220;#FFFFFF&#8220; background_image=&#8220;https:\/\/ias-salcher.at\/wordpress\/wp-content\/uploads\/2025\/07\/office-2717014_1280.jpg&#8220; background_position=&#8220;top_center&#8220; background_repeat=&#8220;repeat&#8220; width=&#8220;100%&#8220; module_alignment=&#8220;center&#8220; min_height=&#8220;198.4px&#8220; height=&#8220;314px&#8220; custom_margin=&#8220;|10px|||false|false&#8220; custom_padding=&#8220;246px||||false|false&#8220; custom_padding_tablet=&#8220;175px||||false|false&#8220; custom_padding_phone=&#8220;175px||||false|false&#8220; custom_padding_last_edited=&#8220;on|phone&#8220; link_option_url=&#8220;@ET-DC@eyJkeW5hbWljIjp0cnVlLCJjb250ZW50IjoicG9zdF9saW5rX3VybF9wYWdlIiwic2V0dGluZ3MiOnsicG9zdF9pZCI6IjEwMjcifX0=@&#8220; body_font_size_tablet=&#8220;10px&#8220; body_font_size_phone=&#8220;10px&#8220; body_font_size_last_edited=&#8220;on|phone&#8220; custom_css_title=&#8220;text:Schutzfolienaufbringug;&#8220; custom_css_read_more=&#8220;background:#000000;float:right;padding:5px 10px; border-radius:5px&#8220; border_radii=&#8220;off|||15px|15px&#8220; border_radii_image=&#8220;on|15px|15px|15px|15px&#8220; global_colors_info=&#8220;{}&#8220; custom_css_read_more__hover_enabled=&#8220;on|hover&#8220; custom_css_read_more__hover=&#8220;background:#000000;float:right;padding:5px 10px; border-radius:5px&#8220; theme_builder_area=&#8220;post_content&#8220;][\/et_pb_blog][\/et_pb_column][et_pb_column type=&#8220;1_4&#8243; _builder_version=&#8220;4.27.2&#8243; _module_preset=&#8220;default&#8220; border_radii=&#8220;on|15px|15px|15px|15px&#8220; global_colors_info=&#8220;{}&#8220; theme_builder_area=&#8220;post_content&#8220;][et_pb_blog fullwidth=&#8220;off&#8220; posts_number=&#8220;1&#8243; include_categories=&#8220;19&#8243; show_author=&#8220;off&#8220; show_date=&#8220;off&#8220; show_categories=&#8220;off&#8220; show_pagination=&#8220;off&#8220; use_overlay=&#8220;on&#8220; overlay_icon_color=&#8220;#FFFFFF&#8220; _builder_version=&#8220;4.27.4&#8243; _dynamic_attributes=&#8220;link_option_url&#8220; _module_preset=&#8220;default&#8220; read_more_text_color=&#8220;#FFFFFF&#8220; background_image=&#8220;https:\/\/ias-salcher.at\/wordpress\/wp-content\/uploads\/2025\/07\/Vorlage-2_WS.png&#8220; background_repeat=&#8220;repeat&#8220; width=&#8220;100%&#8220; module_alignment=&#8220;center&#8220; min_height=&#8220;198.4px&#8220; height=&#8220;314px&#8220; custom_margin_tablet=&#8220;&#8220; custom_margin_phone=&#8220;&#8220; custom_margin_last_edited=&#8220;on|phone&#8220; custom_padding=&#8220;246px||||false|false&#8220; custom_padding_tablet=&#8220;175px||||false|false&#8220; custom_padding_phone=&#8220;175px||||false|false&#8220; custom_padding_last_edited=&#8220;on|phone&#8220; link_option_url=&#8220;@ET-DC@eyJkeW5hbWljIjp0cnVlLCJjb250ZW50IjoicG9zdF9saW5rX3VybF9wYWdlIiwic2V0dGluZ3MiOnsicG9zdF9pZCI6Ijk2OCJ9fQ==@&#8220; body_font_size_tablet=&#8220;10px&#8220; body_font_size_phone=&#8220;10px&#8220; body_font_size_last_edited=&#8220;on|tablet&#8220; custom_css_title=&#8220;text:Schutzfolienaufbringug;&#8220; custom_css_read_more=&#8220;background:#000000;float:right;padding:5px 10px; border-radius:5px&#8220; border_radii=&#8220;off|||15px|15px&#8220; global_colors_info=&#8220;{}&#8220; custom_css_read_more__hover_enabled=&#8220;on|hover&#8220; custom_css_read_more__hover=&#8220;background:#000000;float:right;padding:5px 10px; border-radius:5px&#8220; theme_builder_area=&#8220;post_content&#8220;][\/et_pb_blog][\/et_pb_column][et_pb_column type=&#8220;1_4&#8243; _builder_version=&#8220;4.27.2&#8243; _module_preset=&#8220;default&#8220; border_radii=&#8220;off|15px|15px||&#8220; global_colors_info=&#8220;{}&#8220; theme_builder_area=&#8220;post_content&#8220;][et_pb_blog fullwidth=&#8220;off&#8220; posts_number=&#8220;1&#8243; include_categories=&#8220;20&#8243; show_author=&#8220;off&#8220; show_date=&#8220;off&#8220; show_categories=&#8220;off&#8220; show_pagination=&#8220;off&#8220; use_overlay=&#8220;on&#8220; overlay_icon_color=&#8220;#FFFFFF&#8220; _builder_version=&#8220;4.27.4&#8243; _dynamic_attributes=&#8220;link_option_url&#8220; _module_preset=&#8220;default&#8220; read_more_text_color=&#8220;#FFFFFF&#8220; background_image=&#8220;https:\/\/ias-salcher.at\/wordpress\/wp-content\/uploads\/2025\/07\/fup.png&#8220; background_repeat=&#8220;repeat&#8220; width=&#8220;100%&#8220; module_alignment=&#8220;center&#8220; min_height=&#8220;198.4px&#8220; height=&#8220;314px&#8220; custom_padding=&#8220;246px||||false|false&#8220; custom_padding_tablet=&#8220;175px||||false|false&#8220; custom_padding_phone=&#8220;175px||||false|false&#8220; custom_padding_last_edited=&#8220;on|phone&#8220; link_option_url=&#8220;@ET-DC@eyJkeW5hbWljIjp0cnVlLCJjb250ZW50IjoicG9zdF9saW5rX3VybF9wYWdlIiwic2V0dGluZ3MiOnsicG9zdF9pZCI6IjEwMjMifX0=@&#8220; body_font_size_tablet=&#8220;10px&#8220; body_font_size_phone=&#8220;10px&#8220; body_font_size_last_edited=&#8220;on|tablet&#8220; custom_css_title=&#8220;text:Schutzfolienaufbringug;&#8220; custom_css_read_more=&#8220;background:#000000;float:right;padding:5px 10px; border-radius:5px&#8220; border_radii=&#8220;off|||15px|15px&#8220; global_colors_info=&#8220;{}&#8220; custom_css_read_more__hover_enabled=&#8220;on|hover&#8220; custom_css_read_more__hover=&#8220;background:#000000;float:right;padding:5px 10px; border-radius:5px&#8220; theme_builder_area=&#8220;post_content&#8220;][\/et_pb_blog][\/et_pb_column][et_pb_column type=&#8220;1_4&#8243; _builder_version=&#8220;4.27.2&#8243; _module_preset=&#8220;default&#8220; border_radii=&#8220;off|15px|15px||&#8220; global_colors_info=&#8220;{}&#8220; theme_builder_area=&#8220;post_content&#8220;][et_pb_blog fullwidth=&#8220;off&#8220; posts_number=&#8220;1&#8243; include_categories=&#8220;21&#8243; show_author=&#8220;off&#8220; show_date=&#8220;off&#8220; show_categories=&#8220;off&#8220; show_pagination=&#8220;off&#8220; use_overlay=&#8220;on&#8220; overlay_icon_color=&#8220;#FFFFFF&#8220; _builder_version=&#8220;4.27.4&#8243; _dynamic_attributes=&#8220;link_option_url&#8220; _module_preset=&#8220;default&#8220; read_more_text_color=&#8220;#FFFFFF&#8220; background_image=&#8220;https:\/\/ias-salcher.at\/wordpress\/wp-content\/uploads\/2025\/07\/Teilansicht_Visu.png&#8220; background_repeat=&#8220;repeat&#8220; width=&#8220;100%&#8220; module_alignment=&#8220;center&#8220; min_height=&#8220;198.4px&#8220; height=&#8220;314px&#8220; custom_padding=&#8220;246px||||false|false&#8220; custom_padding_tablet=&#8220;175px||||false|false&#8220; custom_padding_phone=&#8220;175px||||false|false&#8220; custom_padding_last_edited=&#8220;on|tablet&#8220; link_option_url=&#8220;@ET-DC@eyJkeW5hbWljIjp0cnVlLCJjb250ZW50IjoicG9zdF9saW5rX3VybF9wYWdlIiwic2V0dGluZ3MiOnsicG9zdF9pZCI6IjEwMzcifX0=@&#8220; body_font_size_tablet=&#8220;10px&#8220; body_font_size_phone=&#8220;10px&#8220; body_font_size_last_edited=&#8220;on|tablet&#8220; custom_css_title=&#8220;text:Schutzfolienaufbringug;&#8220; custom_css_read_more=&#8220;background:#000000;float:right;padding:5px 10px; border-radius:5px&#8220; border_radii=&#8220;off|||15px|15px&#8220; global_colors_info=&#8220;{}&#8220; custom_css_read_more__hover_enabled=&#8220;on|hover&#8220; custom_css_read_more__hover=&#8220;background:#000000;float:right;padding:5px 10px; border-radius:5px&#8220; theme_builder_area=&#8220;post_content&#8220;][\/et_pb_blog][\/et_pb_column][\/et_pb_row][\/et_pb_section]\n","protected":false},"excerpt":{"rendered":"<p>Willkommen bei IAS Salcher GmbH Unser Unternehmen, das als Ingenieursb\u00fcro f\u00fcr Elektro- und Automatisierungstechnik gegr\u00fcndet wurde, ist seit 1992 als Dienstleister \u00e4u\u00dferst erfolgreich am Gebiet der Mess-, Steuerungs- und Regeltechnik (MSRT) sowie in der Automatisierung und der Prozesstechnik t\u00e4tig.\u00a0Zu unseren Kunden k\u00f6nnen wir namhafte Firmen wie Andritz AG,\u00a0Honeywell, GAW, Norske Skog, Sappi, Primetals und Voith [&hellip;]<\/p>\n","protected":false},"author":2,"featured_media":0,"parent":0,"menu_order":0,"comment_status":"closed","ping_status":"closed","template":"","meta":{"_et_pb_use_builder":"on","_et_pb_old_content":"","_et_gb_content_width":"","footnotes":"","_links_to":"","_links_to_target":""},"class_list":["post-948","page","type-page","status-publish","hentry"],"yoast_head":"<!-- This site is optimized with the Yoast SEO plugin v26.1.1 - https:\/\/yoast.com\/wordpress\/plugins\/seo\/ -->\n<title>IAS Salcher GmbH: Ihr Partner f\u00fcr Automatisierung - IAS-Salcher GmbH<\/title>\n<meta name=\"description\" content=\"Entdecken Sie die IAS Salcher GmbH, Ihr Partner f\u00fcr Elektro- und Automatisierungstechnik mit umfangreicher Projekterfahrung.\" \/>\n<meta name=\"robots\" content=\"index, follow, max-snippet:-1, max-image-preview:large, max-video-preview:-1\" \/>\n<link rel=\"canonical\" href=\"https:\/\/ias-salcher.at\/\" \/>\n<meta property=\"og:locale\" content=\"de_DE\" \/>\n<meta property=\"og:type\" content=\"article\" \/>\n<meta property=\"og:title\" content=\"IAS Salcher GmbH: Ihr Partner f\u00fcr Automatisierung - IAS-Salcher GmbH\" \/>\n<meta property=\"og:description\" content=\"Entdecken Sie die IAS Salcher GmbH, Ihr Partner f\u00fcr Elektro- und Automatisierungstechnik mit umfangreicher Projekterfahrung.\" \/>\n<meta property=\"og:url\" content=\"https:\/\/ias-salcher.at\/\" \/>\n<meta property=\"og:site_name\" content=\"IAS-Salcher GmbH\" \/>\n<meta property=\"article:modified_time\" content=\"2025-09-25T16:36:52+00:00\" \/>\n<meta name=\"twitter:card\" content=\"summary_large_image\" \/>\n<meta name=\"twitter:label1\" content=\"Gesch\u00e4tzte Lesezeit\" \/>\n\t<meta name=\"twitter:data1\" content=\"2\u00a0Minuten\" \/>\n<script type=\"application\/ld+json\" class=\"yoast-schema-graph\">{\"@context\":\"https:\/\/schema.org\",\"@graph\":[{\"@type\":\"WebPage\",\"@id\":\"https:\/\/ias-salcher.at\/\",\"url\":\"https:\/\/ias-salcher.at\/\",\"name\":\"IAS Salcher GmbH: Ihr Partner f\u00fcr Automatisierung - IAS-Salcher GmbH\",\"isPartOf\":{\"@id\":\"https:\/\/ias-salcher.at\/#website\"},\"datePublished\":\"2025-07-15T15:23:28+00:00\",\"dateModified\":\"2025-09-25T16:36:52+00:00\",\"description\":\"Entdecken Sie die IAS Salcher GmbH, Ihr Partner f\u00fcr Elektro- und Automatisierungstechnik mit umfangreicher Projekterfahrung.\",\"breadcrumb\":{\"@id\":\"https:\/\/ias-salcher.at\/#breadcrumb\"},\"inLanguage\":\"de\",\"potentialAction\":[{\"@type\":\"ReadAction\",\"target\":[\"https:\/\/ias-salcher.at\/\"]}]},{\"@type\":\"BreadcrumbList\",\"@id\":\"https:\/\/ias-salcher.at\/#breadcrumb\",\"itemListElement\":[{\"@type\":\"ListItem\",\"position\":1,\"name\":\"Startseite\",\"item\":\"https:\/\/ias-salcher.at\/\"},{\"@type\":\"ListItem\",\"position\":2,\"name\":\"Home\"}]},{\"@type\":\"WebSite\",\"@id\":\"https:\/\/ias-salcher.at\/#website\",\"url\":\"https:\/\/ias-salcher.at\/\",\"name\":\"IAS-Salcher GmbH\",\"description\":\"\",\"publisher\":{\"@id\":\"https:\/\/ias-salcher.at\/#organization\"},\"potentialAction\":[{\"@type\":\"SearchAction\",\"target\":{\"@type\":\"EntryPoint\",\"urlTemplate\":\"https:\/\/ias-salcher.at\/?s={search_term_string}\"},\"query-input\":{\"@type\":\"PropertyValueSpecification\",\"valueRequired\":true,\"valueName\":\"search_term_string\"}}],\"inLanguage\":\"de\"},{\"@type\":\"Organization\",\"@id\":\"https:\/\/ias-salcher.at\/#organization\",\"name\":\"IAS-Salcher GmbH\",\"url\":\"https:\/\/ias-salcher.at\/\",\"logo\":{\"@type\":\"ImageObject\",\"inLanguage\":\"de\",\"@id\":\"https:\/\/ias-salcher.at\/#\/schema\/logo\/image\/\",\"url\":\"https:\/\/ias-salcher.at\/wordpress\/wp-content\/uploads\/2025\/07\/Firmenlogo.png\",\"contentUrl\":\"https:\/\/ias-salcher.at\/wordpress\/wp-content\/uploads\/2025\/07\/Firmenlogo.png\",\"width\":130,\"height\":100,\"caption\":\"IAS-Salcher GmbH\"},\"image\":{\"@id\":\"https:\/\/ias-salcher.at\/#\/schema\/logo\/image\/\"},\"sameAs\":[\"https:\/\/at.linkedin.com\/company\/ias-salcher\"]}]}<\/script>\n<!-- \/ Yoast SEO plugin. -->","yoast_head_json":{"title":"IAS Salcher GmbH: Ihr Partner f\u00fcr Automatisierung - IAS-Salcher GmbH","description":"Entdecken Sie die IAS Salcher GmbH, Ihr Partner f\u00fcr Elektro- und Automatisierungstechnik mit umfangreicher Projekterfahrung.","robots":{"index":"index","follow":"follow","max-snippet":"max-snippet:-1","max-image-preview":"max-image-preview:large","max-video-preview":"max-video-preview:-1"},"canonical":"https:\/\/ias-salcher.at\/","og_locale":"de_DE","og_type":"article","og_title":"IAS Salcher GmbH: Ihr Partner f\u00fcr Automatisierung - IAS-Salcher GmbH","og_description":"Entdecken Sie die IAS Salcher GmbH, Ihr Partner f\u00fcr Elektro- und Automatisierungstechnik mit umfangreicher Projekterfahrung.","og_url":"https:\/\/ias-salcher.at\/","og_site_name":"IAS-Salcher GmbH","article_modified_time":"2025-09-25T16:36:52+00:00","twitter_card":"summary_large_image","twitter_misc":{"Gesch\u00e4tzte Lesezeit":"2\u00a0Minuten"},"schema":{"@context":"https:\/\/schema.org","@graph":[{"@type":"WebPage","@id":"https:\/\/ias-salcher.at\/","url":"https:\/\/ias-salcher.at\/","name":"IAS Salcher GmbH: Ihr Partner f\u00fcr Automatisierung - IAS-Salcher GmbH","isPartOf":{"@id":"https:\/\/ias-salcher.at\/#website"},"datePublished":"2025-07-15T15:23:28+00:00","dateModified":"2025-09-25T16:36:52+00:00","description":"Entdecken Sie die IAS Salcher GmbH, Ihr Partner f\u00fcr Elektro- und Automatisierungstechnik mit umfangreicher Projekterfahrung.","breadcrumb":{"@id":"https:\/\/ias-salcher.at\/#breadcrumb"},"inLanguage":"de","potentialAction":[{"@type":"ReadAction","target":["https:\/\/ias-salcher.at\/"]}]},{"@type":"BreadcrumbList","@id":"https:\/\/ias-salcher.at\/#breadcrumb","itemListElement":[{"@type":"ListItem","position":1,"name":"Startseite","item":"https:\/\/ias-salcher.at\/"},{"@type":"ListItem","position":2,"name":"Home"}]},{"@type":"WebSite","@id":"https:\/\/ias-salcher.at\/#website","url":"https:\/\/ias-salcher.at\/","name":"IAS-Salcher GmbH","description":"","publisher":{"@id":"https:\/\/ias-salcher.at\/#organization"},"potentialAction":[{"@type":"SearchAction","target":{"@type":"EntryPoint","urlTemplate":"https:\/\/ias-salcher.at\/?s={search_term_string}"},"query-input":{"@type":"PropertyValueSpecification","valueRequired":true,"valueName":"search_term_string"}}],"inLanguage":"de"},{"@type":"Organization","@id":"https:\/\/ias-salcher.at\/#organization","name":"IAS-Salcher GmbH","url":"https:\/\/ias-salcher.at\/","logo":{"@type":"ImageObject","inLanguage":"de","@id":"https:\/\/ias-salcher.at\/#\/schema\/logo\/image\/","url":"https:\/\/ias-salcher.at\/wordpress\/wp-content\/uploads\/2025\/07\/Firmenlogo.png","contentUrl":"https:\/\/ias-salcher.at\/wordpress\/wp-content\/uploads\/2025\/07\/Firmenlogo.png","width":130,"height":100,"caption":"IAS-Salcher GmbH"},"image":{"@id":"https:\/\/ias-salcher.at\/#\/schema\/logo\/image\/"},"sameAs":["https:\/\/at.linkedin.com\/company\/ias-salcher"]}]}},"_links":{"self":[{"href":"https:\/\/ias-salcher.at\/index.php\/wp-json\/wp\/v2\/pages\/948","targetHints":{"allow":["GET"]}}],"collection":[{"href":"https:\/\/ias-salcher.at\/index.php\/wp-json\/wp\/v2\/pages"}],"about":[{"href":"https:\/\/ias-salcher.at\/index.php\/wp-json\/wp\/v2\/types\/page"}],"author":[{"embeddable":true,"href":"https:\/\/ias-salcher.at\/index.php\/wp-json\/wp\/v2\/users\/2"}],"replies":[{"embeddable":true,"href":"https:\/\/ias-salcher.at\/index.php\/wp-json\/wp\/v2\/comments?post=948"}],"version-history":[{"count":2,"href":"https:\/\/ias-salcher.at\/index.php\/wp-json\/wp\/v2\/pages\/948\/revisions"}],"predecessor-version":[{"id":1281,"href":"https:\/\/ias-salcher.at\/index.php\/wp-json\/wp\/v2\/pages\/948\/revisions\/1281"}],"wp:attachment":[{"href":"https:\/\/ias-salcher.at\/index.php\/wp-json\/wp\/v2\/media?parent=948"}],"curies":[{"name":"wp","href":"https:\/\/api.w.org\/{rel}","templated":true}]}}