{"id":1133,"date":"2025-07-22T14:14:20","date_gmt":"2025-07-22T14:14:20","guid":{"rendered":"https:\/\/iap-salcher.at\/wordpress\/?page_id=1133"},"modified":"2025-07-22T14:14:20","modified_gmt":"2025-07-22T14:14:20","slug":"stahlindustrie","status":"publish","type":"page","link":"https:\/\/ias-salcher.at\/index.php\/stahlindustrie\/","title":{"rendered":"Stahlindustrie"},"content":{"rendered":"<p>[et_pb_section fb_built=&#8220;1&#8243; _builder_version=&#8220;4.27.4&#8243; _module_preset=&#8220;default&#8220; background_enable_color=&#8220;off&#8220; background_image=&#8220;https:\/\/ias-salcher.at\/wordpress\/wp-content\/uploads\/2025\/07\/architecture-4421992_1920.jpg&#8220; custom_padding=&#8220;5px||5px||false|false&#8220; hover_enabled=&#8220;0&#8243; global_colors_info=&#8220;{}&#8220; title_text=&#8220;architecture-4421992_1920&#8243; sticky_enabled=&#8220;0&#8243;][et_pb_row _builder_version=&#8220;4.27.2&#8243; _module_preset=&#8220;default&#8220; background_enable_color=&#8220;off&#8220; background_image=&#8220;https:\/\/ias-salcher.at\/wordpress\/wp-content\/uploads\/2025\/07\/tes2-4.png&#8220; min_height=&#8220;994px&#8220; custom_margin=&#8220;15px|auto|15px|auto|false|false&#8220; custom_padding=&#8220;32px|30px||30px|false|false&#8220; animation_style=&#8220;fade&#8220; border_radii=&#8220;on|15px|15px|15px|15px&#8220; border_width_all=&#8220;1px&#8220; border_color_all=&#8220;#000000&#8243; global_colors_info=&#8220;{}&#8220;][et_pb_column type=&#8220;4_4&#8243; _builder_version=&#8220;4.27.2&#8243; _module_preset=&#8220;default&#8220; global_colors_info=&#8220;{}&#8220;][et_pb_text _builder_version=&#8220;4.27.2&#8243; _module_preset=&#8220;default&#8220; text_text_color=&#8220;#FFFFFF&#8220; header_text_color=&#8220;#FFFFFF&#8220; background_enable_color=&#8220;off&#8220; text_orientation=&#8220;center&#8220; custom_padding=&#8220;10px||6px||false|false&#8220; border_color_all=&#8220;#FFFFFF&#8220; border_width_top=&#8220;2px&#8220; border_width_bottom=&#8220;2px&#8220; global_colors_info=&#8220;{}&#8220;]<\/p>\n<h2><span style=\"color: #ffffff;\">Stahlindustrie: A 220 TM Tauchbeckenmanipulator<\/span><\/h2>\n<p>[\/et_pb_text][et_pb_text _builder_version=&#8220;4.27.2&#8243; _module_preset=&#8220;default&#8220; text_text_color=&#8220;#FFFFFF&#8220; custom_padding=&#8220;||0px|||&#8220; global_colors_info=&#8220;{}&#8220;]<\/p>\n<h3><span style=\"color: #ffffff;\">Projektbeschreibung<\/span><\/h3>\n<p>Die Anlage dient zur vollautomatischen Manipulation von Stahlbl\u00f6cken (bis 1200 Grad, bis 8 Tonnen). Der Tauchbeckenmanipulator ist eine Teilanlage in einer vollautomatischen Produktionslinie. Die vorgelagerten Anlagen sind im Wesentlichen die Schmiede sowie die Hei\u00dfs\u00e4ge. Nachgelagert ist eine Anlage zur W\u00e4rmebehandlung.<\/p>\n<p>Erl\u00e4uterung:\u00a0Stahlbl\u00f6cke (20 bis 1200 Grad), die von der Schmiede angeliefert werden, k\u00f6nnen auf folgende Arten weiter behandelt werden:<\/p>\n<p>&#8211;\u00a0\u00a0\u00a0\u00a0\u00a0 mit einem Manipulator in ein Tauchbecken ablegen bzw. entnehmen.<\/p>\n<p>&#8211;\u00a0\u00a0\u00a0\u00a0\u00a0 Bildung eines Ofenloses zur weiteren W\u00e4rmebehandlung.<\/p>\n<p>&#8211;\u00a0\u00a0\u00a0\u00a0\u00a0 Weitertransport zu einer Verladestation.<\/p>\n<p>Jeder Stahlblock wird gewogen und mittels Lasermessung an den Rollg\u00e4ngen positioniert.\u00a0Der gesamte Prozess wird \u00fcber das MVS des Kunden sowie die Daten der vorgelagerten Anlage (Hei\u00dfs\u00e4ge) gesteuert.\u00a0Bei Ausfall oder Inplausibilit\u00e4t der Produktionsdaten kann der Bedienmann die Daten h\u00e4ndisch eingeben. Diese h\u00e4ndischen Eingriffe werden zwecks Nachvollziehbarkeit zus\u00e4tzlich ans MVS \u00fcbermittelt.<\/p>\n<h3><span style=\"color: #ffffff;\">IAS Projekt:<\/span><\/h3>\n<p>Umfang: Steuerung Simatic S7 mit ca. 350 I\/O\u00b4s, Visualisierung WinCC<\/p>\n<p>Das Gesamtprojekt reicht von der Erstellung des Pflichtenhefts mit dem Anlagenbauer \u00fcber die\u00a0Planung der gesamten Hardware unter Ber\u00fccksichtigung der sicherheitsrelevanten Belange bis zur\u00a0Erstellung der Software, Steuerschrankbau und Montage. Anschlie\u00dfede Inbetriebnahme mit Optimierung und Anbindung an das \u00fcbergeordnete Materialverfolgungssytem (MVS) vom Kunden.<\/p>\n<ul><\/ul>\n<ul><\/ul>\n<ul><\/ul>\n<p>[\/et_pb_text][et_pb_image src=&#8220;https:\/\/ias-salcher.at\/wordpress\/wp-content\/uploads\/2025\/07\/Tauchbeckenmanipulator_AT220_Quertransport_Entnahmeposition__large.jpg&#8220; title_text=&#8220;Tauchbeckenmanipulator_AT220_Quertransport_Entnahmeposition__large&#8220; align=&#8220;center&#8220; _builder_version=&#8220;4.27.2&#8243; _module_preset=&#8220;default&#8220; global_colors_info=&#8220;{}&#8220;][\/et_pb_image][et_pb_button button_url=&#8220;mailto:office@ias-salcher.at&#8220; button_text=&#8220;Mehr Erfahren&#8220; button_alignment=&#8220;center&#8220; _builder_version=&#8220;4.27.2&#8243; _module_preset=&#8220;default&#8220; custom_button=&#8220;on&#8220; button_text_color=&#8220;#FFFFFF&#8220; button_border_radius=&#8220;11px&#8220; background_layout=&#8220;dark&#8220; global_colors_info=&#8220;{}&#8220;][\/et_pb_button][\/et_pb_column][\/et_pb_row][\/et_pb_section]<\/p>\n","protected":false},"excerpt":{"rendered":"<p>Stahlindustrie: A 220 TM TauchbeckenmanipulatorProjektbeschreibung Die Anlage dient zur vollautomatischen Manipulation von Stahlbl\u00f6cken (bis 1200 Grad, bis 8 Tonnen). Der Tauchbeckenmanipulator ist eine Teilanlage in einer vollautomatischen Produktionslinie. Die vorgelagerten Anlagen sind im Wesentlichen die Schmiede sowie die Hei\u00dfs\u00e4ge. Nachgelagert ist eine Anlage zur W\u00e4rmebehandlung. Erl\u00e4uterung:\u00a0Stahlbl\u00f6cke (20 bis 1200 Grad), die von der Schmiede angeliefert [&hellip;]<\/p>\n","protected":false},"author":2,"featured_media":0,"parent":0,"menu_order":0,"comment_status":"closed","ping_status":"closed","template":"","meta":{"_et_pb_use_builder":"on","_et_pb_old_content":"","_et_gb_content_width":"","footnotes":"","_links_to":"","_links_to_target":""},"class_list":["post-1133","page","type-page","status-publish","hentry"],"yoast_head":"<!-- This site is optimized with the Yoast SEO plugin v26.1.1 - https:\/\/yoast.com\/wordpress\/plugins\/seo\/ -->\n<title>Stahlindustrie - IAS-Salcher GmbH<\/title>\n<meta name=\"robots\" content=\"index, follow, max-snippet:-1, max-image-preview:large, max-video-preview:-1\" \/>\n<link rel=\"canonical\" href=\"https:\/\/ias-salcher.at\/index.php\/stahlindustrie\/\" \/>\n<meta property=\"og:locale\" content=\"de_DE\" \/>\n<meta property=\"og:type\" content=\"article\" \/>\n<meta property=\"og:title\" content=\"Stahlindustrie - IAS-Salcher GmbH\" \/>\n<meta property=\"og:description\" content=\"Stahlindustrie: A 220 TM TauchbeckenmanipulatorProjektbeschreibung Die Anlage dient zur vollautomatischen Manipulation von Stahlbl\u00f6cken (bis 1200 Grad, bis 8 Tonnen). Der Tauchbeckenmanipulator ist eine Teilanlage in einer vollautomatischen Produktionslinie. Die vorgelagerten Anlagen sind im Wesentlichen die Schmiede sowie die Hei\u00dfs\u00e4ge. Nachgelagert ist eine Anlage zur W\u00e4rmebehandlung. Erl\u00e4uterung:\u00a0Stahlbl\u00f6cke (20 bis 1200 Grad), die von der Schmiede angeliefert [&hellip;]\" \/>\n<meta property=\"og:url\" content=\"https:\/\/ias-salcher.at\/index.php\/stahlindustrie\/\" \/>\n<meta property=\"og:site_name\" content=\"IAS-Salcher GmbH\" \/>\n<meta name=\"twitter:card\" content=\"summary_large_image\" \/>\n<meta name=\"twitter:label1\" content=\"Gesch\u00e4tzte Lesezeit\" \/>\n\t<meta name=\"twitter:data1\" content=\"2\u00a0Minuten\" \/>\n<script type=\"application\/ld+json\" class=\"yoast-schema-graph\">{\"@context\":\"https:\/\/schema.org\",\"@graph\":[{\"@type\":\"WebPage\",\"@id\":\"https:\/\/ias-salcher.at\/index.php\/stahlindustrie\/\",\"url\":\"https:\/\/ias-salcher.at\/index.php\/stahlindustrie\/\",\"name\":\"Stahlindustrie - IAS-Salcher GmbH\",\"isPartOf\":{\"@id\":\"https:\/\/ias-salcher.at\/#website\"},\"datePublished\":\"2025-07-22T14:14:20+00:00\",\"breadcrumb\":{\"@id\":\"https:\/\/ias-salcher.at\/index.php\/stahlindustrie\/#breadcrumb\"},\"inLanguage\":\"de\",\"potentialAction\":[{\"@type\":\"ReadAction\",\"target\":[\"https:\/\/ias-salcher.at\/index.php\/stahlindustrie\/\"]}]},{\"@type\":\"BreadcrumbList\",\"@id\":\"https:\/\/ias-salcher.at\/index.php\/stahlindustrie\/#breadcrumb\",\"itemListElement\":[{\"@type\":\"ListItem\",\"position\":1,\"name\":\"Startseite\",\"item\":\"https:\/\/ias-salcher.at\/\"},{\"@type\":\"ListItem\",\"position\":2,\"name\":\"Stahlindustrie\"}]},{\"@type\":\"WebSite\",\"@id\":\"https:\/\/ias-salcher.at\/#website\",\"url\":\"https:\/\/ias-salcher.at\/\",\"name\":\"IAS-Salcher GmbH\",\"description\":\"\",\"publisher\":{\"@id\":\"https:\/\/ias-salcher.at\/#organization\"},\"potentialAction\":[{\"@type\":\"SearchAction\",\"target\":{\"@type\":\"EntryPoint\",\"urlTemplate\":\"https:\/\/ias-salcher.at\/?s={search_term_string}\"},\"query-input\":{\"@type\":\"PropertyValueSpecification\",\"valueRequired\":true,\"valueName\":\"search_term_string\"}}],\"inLanguage\":\"de\"},{\"@type\":\"Organization\",\"@id\":\"https:\/\/ias-salcher.at\/#organization\",\"name\":\"IAS-Salcher GmbH\",\"url\":\"https:\/\/ias-salcher.at\/\",\"logo\":{\"@type\":\"ImageObject\",\"inLanguage\":\"de\",\"@id\":\"https:\/\/ias-salcher.at\/#\/schema\/logo\/image\/\",\"url\":\"https:\/\/ias-salcher.at\/wordpress\/wp-content\/uploads\/2025\/07\/Firmenlogo.png\",\"contentUrl\":\"https:\/\/ias-salcher.at\/wordpress\/wp-content\/uploads\/2025\/07\/Firmenlogo.png\",\"width\":130,\"height\":100,\"caption\":\"IAS-Salcher GmbH\"},\"image\":{\"@id\":\"https:\/\/ias-salcher.at\/#\/schema\/logo\/image\/\"},\"sameAs\":[\"https:\/\/at.linkedin.com\/company\/ias-salcher\"]}]}<\/script>\n<!-- \/ Yoast SEO plugin. -->","yoast_head_json":{"title":"Stahlindustrie - IAS-Salcher GmbH","robots":{"index":"index","follow":"follow","max-snippet":"max-snippet:-1","max-image-preview":"max-image-preview:large","max-video-preview":"max-video-preview:-1"},"canonical":"https:\/\/ias-salcher.at\/index.php\/stahlindustrie\/","og_locale":"de_DE","og_type":"article","og_title":"Stahlindustrie - IAS-Salcher GmbH","og_description":"Stahlindustrie: A 220 TM TauchbeckenmanipulatorProjektbeschreibung Die Anlage dient zur vollautomatischen Manipulation von Stahlbl\u00f6cken (bis 1200 Grad, bis 8 Tonnen). Der Tauchbeckenmanipulator ist eine Teilanlage in einer vollautomatischen Produktionslinie. Die vorgelagerten Anlagen sind im Wesentlichen die Schmiede sowie die Hei\u00dfs\u00e4ge. Nachgelagert ist eine Anlage zur W\u00e4rmebehandlung. Erl\u00e4uterung:\u00a0Stahlbl\u00f6cke (20 bis 1200 Grad), die von der Schmiede angeliefert [&hellip;]","og_url":"https:\/\/ias-salcher.at\/index.php\/stahlindustrie\/","og_site_name":"IAS-Salcher GmbH","twitter_card":"summary_large_image","twitter_misc":{"Gesch\u00e4tzte Lesezeit":"2\u00a0Minuten"},"schema":{"@context":"https:\/\/schema.org","@graph":[{"@type":"WebPage","@id":"https:\/\/ias-salcher.at\/index.php\/stahlindustrie\/","url":"https:\/\/ias-salcher.at\/index.php\/stahlindustrie\/","name":"Stahlindustrie - IAS-Salcher GmbH","isPartOf":{"@id":"https:\/\/ias-salcher.at\/#website"},"datePublished":"2025-07-22T14:14:20+00:00","breadcrumb":{"@id":"https:\/\/ias-salcher.at\/index.php\/stahlindustrie\/#breadcrumb"},"inLanguage":"de","potentialAction":[{"@type":"ReadAction","target":["https:\/\/ias-salcher.at\/index.php\/stahlindustrie\/"]}]},{"@type":"BreadcrumbList","@id":"https:\/\/ias-salcher.at\/index.php\/stahlindustrie\/#breadcrumb","itemListElement":[{"@type":"ListItem","position":1,"name":"Startseite","item":"https:\/\/ias-salcher.at\/"},{"@type":"ListItem","position":2,"name":"Stahlindustrie"}]},{"@type":"WebSite","@id":"https:\/\/ias-salcher.at\/#website","url":"https:\/\/ias-salcher.at\/","name":"IAS-Salcher GmbH","description":"","publisher":{"@id":"https:\/\/ias-salcher.at\/#organization"},"potentialAction":[{"@type":"SearchAction","target":{"@type":"EntryPoint","urlTemplate":"https:\/\/ias-salcher.at\/?s={search_term_string}"},"query-input":{"@type":"PropertyValueSpecification","valueRequired":true,"valueName":"search_term_string"}}],"inLanguage":"de"},{"@type":"Organization","@id":"https:\/\/ias-salcher.at\/#organization","name":"IAS-Salcher GmbH","url":"https:\/\/ias-salcher.at\/","logo":{"@type":"ImageObject","inLanguage":"de","@id":"https:\/\/ias-salcher.at\/#\/schema\/logo\/image\/","url":"https:\/\/ias-salcher.at\/wordpress\/wp-content\/uploads\/2025\/07\/Firmenlogo.png","contentUrl":"https:\/\/ias-salcher.at\/wordpress\/wp-content\/uploads\/2025\/07\/Firmenlogo.png","width":130,"height":100,"caption":"IAS-Salcher GmbH"},"image":{"@id":"https:\/\/ias-salcher.at\/#\/schema\/logo\/image\/"},"sameAs":["https:\/\/at.linkedin.com\/company\/ias-salcher"]}]}},"_links":{"self":[{"href":"https:\/\/ias-salcher.at\/index.php\/wp-json\/wp\/v2\/pages\/1133","targetHints":{"allow":["GET"]}}],"collection":[{"href":"https:\/\/ias-salcher.at\/index.php\/wp-json\/wp\/v2\/pages"}],"about":[{"href":"https:\/\/ias-salcher.at\/index.php\/wp-json\/wp\/v2\/types\/page"}],"author":[{"embeddable":true,"href":"https:\/\/ias-salcher.at\/index.php\/wp-json\/wp\/v2\/users\/2"}],"replies":[{"embeddable":true,"href":"https:\/\/ias-salcher.at\/index.php\/wp-json\/wp\/v2\/comments?post=1133"}],"version-history":[{"count":0,"href":"https:\/\/ias-salcher.at\/index.php\/wp-json\/wp\/v2\/pages\/1133\/revisions"}],"wp:attachment":[{"href":"https:\/\/ias-salcher.at\/index.php\/wp-json\/wp\/v2\/media?parent=1133"}],"curies":[{"name":"wp","href":"https:\/\/api.w.org\/{rel}","templated":true}]}}