{"id":1114,"date":"2025-07-22T14:07:12","date_gmt":"2025-07-22T14:07:12","guid":{"rendered":"https:\/\/iap-salcher.at\/wordpress\/?page_id=1114"},"modified":"2025-09-20T08:47:17","modified_gmt":"2025-09-20T08:47:17","slug":"laminatpresse","status":"publish","type":"page","link":"https:\/\/ias-salcher.at\/index.php\/laminatpresse\/","title":{"rendered":"Laminatpresse"},"content":{"rendered":"<p>[et_pb_section fb_built=&#8220;1&#8243; _builder_version=&#8220;4.27.4&#8243; _module_preset=&#8220;default&#8220; background_enable_color=&#8220;off&#8220; background_image=&#8220;https:\/\/ias-salcher.at\/wordpress\/wp-content\/uploads\/2025\/07\/architecture-4421992_1920.jpg&#8220; custom_padding=&#8220;5px||5px||false|false&#8220; global_colors_info=&#8220;{}&#8220; theme_builder_area=&#8220;post_content&#8220;][et_pb_row _builder_version=&#8220;4.27.2&#8243; _module_preset=&#8220;default&#8220; background_enable_color=&#8220;off&#8220; background_image=&#8220;https:\/\/ias-salcher.at\/wordpress\/wp-content\/uploads\/2025\/07\/tes2-4.png&#8220; min_height=&#8220;994px&#8220; custom_margin=&#8220;15px|auto|15px|auto|false|false&#8220; custom_padding=&#8220;32px|30px||30px|false|false&#8220; animation_style=&#8220;fade&#8220; border_radii=&#8220;on|15px|15px|15px|15px&#8220; border_width_all=&#8220;1px&#8220; border_color_all=&#8220;#000000&#8243; global_colors_info=&#8220;{}&#8220; theme_builder_area=&#8220;post_content&#8220;][et_pb_column type=&#8220;4_4&#8243; _builder_version=&#8220;4.27.2&#8243; _module_preset=&#8220;default&#8220; global_colors_info=&#8220;{}&#8220; theme_builder_area=&#8220;post_content&#8220;][et_pb_text _builder_version=&#8220;4.27.2&#8243; _module_preset=&#8220;default&#8220; text_text_color=&#8220;#FFFFFF&#8220; header_text_color=&#8220;#FFFFFF&#8220; background_enable_color=&#8220;off&#8220; text_orientation=&#8220;center&#8220; custom_padding=&#8220;10px||6px||false|false&#8220; border_color_all=&#8220;#FFFFFF&#8220; border_width_top=&#8220;2px&#8220; border_width_bottom=&#8220;2px&#8220; global_colors_info=&#8220;{}&#8220; theme_builder_area=&#8220;post_content&#8220;]<\/p>\n<h2><span style=\"color: #ffffff;\">Laminatpresse: Reengineering<\/span><\/h2>\n<p>[\/et_pb_text][et_pb_text _builder_version=&#8220;4.27.2&#8243; _module_preset=&#8220;default&#8220; text_text_color=&#8220;#FFFFFF&#8220; custom_padding=&#8220;||0px|||&#8220; global_colors_info=&#8220;{}&#8220; theme_builder_area=&#8220;post_content&#8220;]<\/p>\n<h3><span style=\"color: #ffffff;\">Projektbeschreibung:<\/span><\/h3>\n<p>\u00dcber einen PC werden die Rezepturvorgaben f\u00fcr die Presse an die Steuerung geschickt. Der Report \u00fcber den fertigen Pressenzyklus wird an den PC zur Archivierung und Auswertung \u00fcbertragen. Weiters werden die Protokolle der Waage bei der Eintafelung an den PC \u00fcbertragen. Das Waagen- und Pressenprotokoll wird am PC \u00fcber die Chargennummer verkn\u00fcpft.<\/p>\n<p>Laminatpakete werden zusammengestellt, zur Presse transportiert, gepresst und wieder abtransportiert.<\/p>\n<h3><span style=\"color: #ffffff;\">IAS-Projekt:<\/span><\/h3>\n<p>Umfang ca. 1800 I\/O; Simatic S7; MP 370 Pushbuttonpanels.<\/p>\n<ul>\n<li>Erstellung des Pflichtenheftes gemeinsam mit dem Kunden.\n<\/li>\n<li>Auswahl s\u00e4mtlicher elektrotechnischen Komponenten, gerade im Hinblick auf Personensicherheit und Verf\u00fcgbarkeit.\n<\/li>\n<li>Hardware-Planung, Bau und Lieferung s\u00e4mtlicher Steuerschr\u00e4nke und Vorortpulte inkl. der eingebauten Komponenten.\n<\/li>\n<li>Erstellung der Software, IBS und Optimierung der Anlage in Bukarest.<\/li>\n<\/ul>\n<p>&nbsp;<\/p>\n<ul><\/ul>\n<ul><\/ul>\n<ul><\/ul>\n<ul><\/ul>\n<ul><\/ul>\n<p><span style=\"color: #ffffff;\">\u00a0<\/span><\/p>\n<ul><\/ul>\n<p>[\/et_pb_text][et_pb_image src=&#8220;https:\/\/ias-salcher.at\/wordpress\/wp-content\/uploads\/2025\/07\/Laminatpresse_2_large.jpg&#8220; title_text=&#8220;Laminatpresse_2_large&#8220; align=&#8220;center&#8220; _builder_version=&#8220;4.27.2&#8243; _module_preset=&#8220;default&#8220; global_colors_info=&#8220;{}&#8220; theme_builder_area=&#8220;post_content&#8220;][\/et_pb_image][et_pb_button button_url=&#8220;mailto:office@ias-salcher.at&#8220; button_text=&#8220;Mehr Erfahren&#8220; button_alignment=&#8220;center&#8220; _builder_version=&#8220;4.27.2&#8243; _module_preset=&#8220;default&#8220; custom_button=&#8220;on&#8220; button_text_color=&#8220;#FFFFFF&#8220; button_border_radius=&#8220;11px&#8220; background_layout=&#8220;dark&#8220; global_colors_info=&#8220;{}&#8220; theme_builder_area=&#8220;post_content&#8220;][\/et_pb_button][\/et_pb_column][\/et_pb_row][\/et_pb_section]<\/p>\n","protected":false},"excerpt":{"rendered":"<p>Laminatpresse: ReengineeringProjektbeschreibung: \u00dcber einen PC werden die Rezepturvorgaben f\u00fcr die Presse an die Steuerung geschickt. Der Report \u00fcber den fertigen Pressenzyklus wird an den PC zur Archivierung und Auswertung \u00fcbertragen. Weiters werden die Protokolle der Waage bei der Eintafelung an den PC \u00fcbertragen. Das Waagen- und Pressenprotokoll wird am PC \u00fcber die Chargennummer verkn\u00fcpft. Laminatpakete [&hellip;]<\/p>\n","protected":false},"author":2,"featured_media":0,"parent":0,"menu_order":0,"comment_status":"closed","ping_status":"closed","template":"","meta":{"_et_pb_use_builder":"on","_et_pb_old_content":"","_et_gb_content_width":"","footnotes":"","_links_to":"","_links_to_target":""},"class_list":["post-1114","page","type-page","status-publish","hentry"],"yoast_head":"<!-- This site is optimized with the Yoast SEO plugin v26.1.1 - https:\/\/yoast.com\/wordpress\/plugins\/seo\/ -->\n<title>Laminatpresse - IAS-Salcher GmbH<\/title>\n<meta name=\"robots\" content=\"index, follow, max-snippet:-1, max-image-preview:large, max-video-preview:-1\" \/>\n<link rel=\"canonical\" href=\"https:\/\/ias-salcher.at\/index.php\/laminatpresse\/\" \/>\n<meta property=\"og:locale\" content=\"de_DE\" \/>\n<meta property=\"og:type\" content=\"article\" \/>\n<meta property=\"og:title\" content=\"Laminatpresse - IAS-Salcher GmbH\" \/>\n<meta property=\"og:description\" content=\"Laminatpresse: ReengineeringProjektbeschreibung: \u00dcber einen PC werden die Rezepturvorgaben f\u00fcr die Presse an die Steuerung geschickt. Der Report \u00fcber den fertigen Pressenzyklus wird an den PC zur Archivierung und Auswertung \u00fcbertragen. Weiters werden die Protokolle der Waage bei der Eintafelung an den PC \u00fcbertragen. Das Waagen- und Pressenprotokoll wird am PC \u00fcber die Chargennummer verkn\u00fcpft. Laminatpakete [&hellip;]\" \/>\n<meta property=\"og:url\" content=\"https:\/\/ias-salcher.at\/index.php\/laminatpresse\/\" \/>\n<meta property=\"og:site_name\" content=\"IAS-Salcher GmbH\" \/>\n<meta property=\"article:modified_time\" content=\"2025-09-20T08:47:17+00:00\" \/>\n<meta name=\"twitter:card\" content=\"summary_large_image\" \/>\n<meta name=\"twitter:label1\" content=\"Gesch\u00e4tzte Lesezeit\" \/>\n\t<meta name=\"twitter:data1\" content=\"2\u00a0Minuten\" \/>\n<script type=\"application\/ld+json\" class=\"yoast-schema-graph\">{\"@context\":\"https:\/\/schema.org\",\"@graph\":[{\"@type\":\"WebPage\",\"@id\":\"https:\/\/ias-salcher.at\/index.php\/laminatpresse\/\",\"url\":\"https:\/\/ias-salcher.at\/index.php\/laminatpresse\/\",\"name\":\"Laminatpresse - IAS-Salcher GmbH\",\"isPartOf\":{\"@id\":\"https:\/\/ias-salcher.at\/#website\"},\"datePublished\":\"2025-07-22T14:07:12+00:00\",\"dateModified\":\"2025-09-20T08:47:17+00:00\",\"breadcrumb\":{\"@id\":\"https:\/\/ias-salcher.at\/index.php\/laminatpresse\/#breadcrumb\"},\"inLanguage\":\"de\",\"potentialAction\":[{\"@type\":\"ReadAction\",\"target\":[\"https:\/\/ias-salcher.at\/index.php\/laminatpresse\/\"]}]},{\"@type\":\"BreadcrumbList\",\"@id\":\"https:\/\/ias-salcher.at\/index.php\/laminatpresse\/#breadcrumb\",\"itemListElement\":[{\"@type\":\"ListItem\",\"position\":1,\"name\":\"Startseite\",\"item\":\"https:\/\/ias-salcher.at\/\"},{\"@type\":\"ListItem\",\"position\":2,\"name\":\"Laminatpresse\"}]},{\"@type\":\"WebSite\",\"@id\":\"https:\/\/ias-salcher.at\/#website\",\"url\":\"https:\/\/ias-salcher.at\/\",\"name\":\"IAS-Salcher GmbH\",\"description\":\"\",\"publisher\":{\"@id\":\"https:\/\/ias-salcher.at\/#organization\"},\"potentialAction\":[{\"@type\":\"SearchAction\",\"target\":{\"@type\":\"EntryPoint\",\"urlTemplate\":\"https:\/\/ias-salcher.at\/?s={search_term_string}\"},\"query-input\":{\"@type\":\"PropertyValueSpecification\",\"valueRequired\":true,\"valueName\":\"search_term_string\"}}],\"inLanguage\":\"de\"},{\"@type\":\"Organization\",\"@id\":\"https:\/\/ias-salcher.at\/#organization\",\"name\":\"IAS-Salcher GmbH\",\"url\":\"https:\/\/ias-salcher.at\/\",\"logo\":{\"@type\":\"ImageObject\",\"inLanguage\":\"de\",\"@id\":\"https:\/\/ias-salcher.at\/#\/schema\/logo\/image\/\",\"url\":\"https:\/\/ias-salcher.at\/wordpress\/wp-content\/uploads\/2025\/07\/Firmenlogo.png\",\"contentUrl\":\"https:\/\/ias-salcher.at\/wordpress\/wp-content\/uploads\/2025\/07\/Firmenlogo.png\",\"width\":130,\"height\":100,\"caption\":\"IAS-Salcher GmbH\"},\"image\":{\"@id\":\"https:\/\/ias-salcher.at\/#\/schema\/logo\/image\/\"},\"sameAs\":[\"https:\/\/at.linkedin.com\/company\/ias-salcher\"]}]}<\/script>\n<!-- \/ Yoast SEO plugin. -->","yoast_head_json":{"title":"Laminatpresse - IAS-Salcher GmbH","robots":{"index":"index","follow":"follow","max-snippet":"max-snippet:-1","max-image-preview":"max-image-preview:large","max-video-preview":"max-video-preview:-1"},"canonical":"https:\/\/ias-salcher.at\/index.php\/laminatpresse\/","og_locale":"de_DE","og_type":"article","og_title":"Laminatpresse - IAS-Salcher GmbH","og_description":"Laminatpresse: ReengineeringProjektbeschreibung: \u00dcber einen PC werden die Rezepturvorgaben f\u00fcr die Presse an die Steuerung geschickt. Der Report \u00fcber den fertigen Pressenzyklus wird an den PC zur Archivierung und Auswertung \u00fcbertragen. Weiters werden die Protokolle der Waage bei der Eintafelung an den PC \u00fcbertragen. Das Waagen- und Pressenprotokoll wird am PC \u00fcber die Chargennummer verkn\u00fcpft. Laminatpakete [&hellip;]","og_url":"https:\/\/ias-salcher.at\/index.php\/laminatpresse\/","og_site_name":"IAS-Salcher GmbH","article_modified_time":"2025-09-20T08:47:17+00:00","twitter_card":"summary_large_image","twitter_misc":{"Gesch\u00e4tzte Lesezeit":"2\u00a0Minuten"},"schema":{"@context":"https:\/\/schema.org","@graph":[{"@type":"WebPage","@id":"https:\/\/ias-salcher.at\/index.php\/laminatpresse\/","url":"https:\/\/ias-salcher.at\/index.php\/laminatpresse\/","name":"Laminatpresse - IAS-Salcher GmbH","isPartOf":{"@id":"https:\/\/ias-salcher.at\/#website"},"datePublished":"2025-07-22T14:07:12+00:00","dateModified":"2025-09-20T08:47:17+00:00","breadcrumb":{"@id":"https:\/\/ias-salcher.at\/index.php\/laminatpresse\/#breadcrumb"},"inLanguage":"de","potentialAction":[{"@type":"ReadAction","target":["https:\/\/ias-salcher.at\/index.php\/laminatpresse\/"]}]},{"@type":"BreadcrumbList","@id":"https:\/\/ias-salcher.at\/index.php\/laminatpresse\/#breadcrumb","itemListElement":[{"@type":"ListItem","position":1,"name":"Startseite","item":"https:\/\/ias-salcher.at\/"},{"@type":"ListItem","position":2,"name":"Laminatpresse"}]},{"@type":"WebSite","@id":"https:\/\/ias-salcher.at\/#website","url":"https:\/\/ias-salcher.at\/","name":"IAS-Salcher GmbH","description":"","publisher":{"@id":"https:\/\/ias-salcher.at\/#organization"},"potentialAction":[{"@type":"SearchAction","target":{"@type":"EntryPoint","urlTemplate":"https:\/\/ias-salcher.at\/?s={search_term_string}"},"query-input":{"@type":"PropertyValueSpecification","valueRequired":true,"valueName":"search_term_string"}}],"inLanguage":"de"},{"@type":"Organization","@id":"https:\/\/ias-salcher.at\/#organization","name":"IAS-Salcher GmbH","url":"https:\/\/ias-salcher.at\/","logo":{"@type":"ImageObject","inLanguage":"de","@id":"https:\/\/ias-salcher.at\/#\/schema\/logo\/image\/","url":"https:\/\/ias-salcher.at\/wordpress\/wp-content\/uploads\/2025\/07\/Firmenlogo.png","contentUrl":"https:\/\/ias-salcher.at\/wordpress\/wp-content\/uploads\/2025\/07\/Firmenlogo.png","width":130,"height":100,"caption":"IAS-Salcher GmbH"},"image":{"@id":"https:\/\/ias-salcher.at\/#\/schema\/logo\/image\/"},"sameAs":["https:\/\/at.linkedin.com\/company\/ias-salcher"]}]}},"_links":{"self":[{"href":"https:\/\/ias-salcher.at\/index.php\/wp-json\/wp\/v2\/pages\/1114","targetHints":{"allow":["GET"]}}],"collection":[{"href":"https:\/\/ias-salcher.at\/index.php\/wp-json\/wp\/v2\/pages"}],"about":[{"href":"https:\/\/ias-salcher.at\/index.php\/wp-json\/wp\/v2\/types\/page"}],"author":[{"embeddable":true,"href":"https:\/\/ias-salcher.at\/index.php\/wp-json\/wp\/v2\/users\/2"}],"replies":[{"embeddable":true,"href":"https:\/\/ias-salcher.at\/index.php\/wp-json\/wp\/v2\/comments?post=1114"}],"version-history":[{"count":1,"href":"https:\/\/ias-salcher.at\/index.php\/wp-json\/wp\/v2\/pages\/1114\/revisions"}],"predecessor-version":[{"id":1262,"href":"https:\/\/ias-salcher.at\/index.php\/wp-json\/wp\/v2\/pages\/1114\/revisions\/1262"}],"wp:attachment":[{"href":"https:\/\/ias-salcher.at\/index.php\/wp-json\/wp\/v2\/media?parent=1114"}],"curies":[{"name":"wp","href":"https:\/\/api.w.org\/{rel}","templated":true}]}}