{"id":1027,"date":"2025-07-16T15:23:32","date_gmt":"2025-07-16T15:23:32","guid":{"rendered":"https:\/\/iap-salcher.at\/wordpress\/?page_id=1027"},"modified":"2025-09-20T08:51:15","modified_gmt":"2025-09-20T08:51:15","slug":"projektmanagement","status":"publish","type":"page","link":"https:\/\/ias-salcher.at\/index.php\/projektmanagement\/","title":{"rendered":"Projektmanagement"},"content":{"rendered":"<p>[et_pb_section fb_built=&#8220;1&#8243; _builder_version=&#8220;4.27.4&#8243; _module_preset=&#8220;default&#8220; background_enable_color=&#8220;off&#8220; background_image=&#8220;https:\/\/ias-salcher.at\/wordpress\/wp-content\/uploads\/2025\/07\/architecture-4421992_1920.jpg&#8220; custom_padding=&#8220;5px||5px||false|false&#8220; global_colors_info=&#8220;{}&#8220; theme_builder_area=&#8220;post_content&#8220;][et_pb_row _builder_version=&#8220;4.27.4&#8243; _module_preset=&#8220;default&#8220; background_enable_color=&#8220;off&#8220; background_image=&#8220;https:\/\/ias-salcher.at\/wordpress\/wp-content\/uploads\/2025\/07\/tes2-4.png&#8220; min_height=&#8220;994px&#8220; custom_margin=&#8220;15px|auto|15px|auto|false|false&#8220; custom_padding=&#8220;32px|30px||30px|false|false&#8220; animation_style=&#8220;fade&#8220; border_radii=&#8220;on|15px|15px|15px|15px&#8220; border_width_all=&#8220;1px&#8220; border_color_all=&#8220;#000000&#8243; global_colors_info=&#8220;{}&#8220; theme_builder_area=&#8220;post_content&#8220;][et_pb_column type=&#8220;4_4&#8243; _builder_version=&#8220;4.27.2&#8243; _module_preset=&#8220;default&#8220; global_colors_info=&#8220;{}&#8220; theme_builder_area=&#8220;post_content&#8220;][et_pb_text _builder_version=&#8220;4.27.2&#8243; _module_preset=&#8220;default&#8220; text_text_color=&#8220;#FFFFFF&#8220; header_text_color=&#8220;#FFFFFF&#8220; background_enable_color=&#8220;off&#8220; text_orientation=&#8220;center&#8220; custom_padding=&#8220;10px||6px||false|false&#8220; border_color_all=&#8220;#FFFFFF&#8220; border_width_top=&#8220;2px&#8220; border_width_bottom=&#8220;2px&#8220; global_colors_info=&#8220;{}&#8220; theme_builder_area=&#8220;post_content&#8220;]<\/p>\n<h2><span style=\"color: #ffffff;\">Projektmanagement<\/span><\/h2>\n<p>[\/et_pb_text][et_pb_text _builder_version=&#8220;4.27.2&#8243; _module_preset=&#8220;default&#8220; text_text_color=&#8220;#FFFFFF&#8220; custom_padding=&#8220;||0px|||&#8220; global_colors_info=&#8220;{}&#8220; theme_builder_area=&#8220;post_content&#8220;]<\/p>\n<p data-start=\"199\" data-end=\"312\" class=\"\"><strong data-start=\"199\" data-end=\"312\">Wir liefern Projektmanagement in der Automatisierungstechnik \u2013 strukturiert, terminsicher, l\u00f6sungsorientiert.<\/strong><\/p>\n<p data-start=\"314\" data-end=\"450\" class=\"\">Komplexe Projekte brauchen klare Strukturen, transparente Kommunikation und einen verl\u00e4sslichen Partner an der Seite.<br data-start=\"431\" data-end=\"434\" \/><strong data-start=\"434\" data-end=\"450\">Wir liefern.<\/strong><\/p>\n<p data-start=\"452\" data-end=\"671\" class=\"\">Mit unserer langj\u00e4hrigen Erfahrung im Projektmanagement sorgen wir daf\u00fcr, dass Ihre Automatisierungsprojekte effizient geplant, koordiniert und erfolgreich umgesetzt werden \u2013 von der ersten Idee bis zur finalen Abnahme.<\/p>\n<p>Unsere Leistungen im Projektmanagement:<\/p>\n<ul>\n<li data-start=\"673\" data-end=\"1049\">Projektplanung &amp; -steuerung \u00fcber alle Phasen hinweg<\/li>\n<li data-start=\"673\" data-end=\"1049\">Schnittstellenkoordination zwischen Mechanik, Elektrik &amp; Software<\/li>\n<li data-start=\"673\" data-end=\"1049\">Termin- und Ressourcenmanagement<\/li>\n<li data-start=\"673\" data-end=\"1049\">Risikomanagement und Qualit\u00e4tssicherung<\/li>\n<li data-start=\"673\" data-end=\"1049\">Kommunikation mit Kunden, Lieferanten und internen Teams<\/li>\n<li data-start=\"673\" data-end=\"1049\">Dokumentation und Nachverfolgung nach Industriestandards<\/li>\n<\/ul>\n<p data-start=\"1051\" data-end=\"1222\" class=\"\">Wir denken mit, steuern vorausschauend und handeln l\u00f6sungsorientiert \u2013 damit Ihre Projekte sicher ans Ziel kommen.<br data-start=\"1165\" data-end=\"1168\" \/><strong data-start=\"1168\" data-end=\"1222\">Wir liefern Verantwortung. Wir liefern Ergebnisse.<\/strong><\/p>\n<ul><\/ul>\n<ul><\/ul>\n<ul><\/ul>\n<p>[\/et_pb_text][et_pb_image src=&#8220;https:\/\/ias-salcher.at\/wordpress\/wp-content\/uploads\/2025\/07\/Simon-Fortmueller-5-1-scaled-1.jpg&#8220; title_text=&#8220;Simon Fortmu\u0308ller-5&#8243; align=&#8220;center&#8220; _builder_version=&#8220;4.27.4&#8243; _module_preset=&#8220;default&#8220; global_colors_info=&#8220;{}&#8220; theme_builder_area=&#8220;post_content&#8220;][\/et_pb_image][\/et_pb_column][\/et_pb_row][\/et_pb_section]<\/p>\n","protected":false},"excerpt":{"rendered":"<p>ProjektmanagementWir liefern Projektmanagement in der Automatisierungstechnik \u2013 strukturiert, terminsicher, l\u00f6sungsorientiert. Komplexe Projekte brauchen klare Strukturen, transparente Kommunikation und einen verl\u00e4sslichen Partner an der Seite.Wir liefern. Mit unserer langj\u00e4hrigen Erfahrung im Projektmanagement sorgen wir daf\u00fcr, dass Ihre Automatisierungsprojekte effizient geplant, koordiniert und erfolgreich umgesetzt werden \u2013 von der ersten Idee bis zur finalen Abnahme. Unsere Leistungen [&hellip;]<\/p>\n","protected":false},"author":2,"featured_media":0,"parent":0,"menu_order":0,"comment_status":"closed","ping_status":"closed","template":"","meta":{"_et_pb_use_builder":"on","_et_pb_old_content":"","_et_gb_content_width":"","footnotes":"","_links_to":"","_links_to_target":""},"class_list":["post-1027","page","type-page","status-publish","hentry"],"yoast_head":"<!-- This site is optimized with the Yoast SEO plugin v26.1.1 - https:\/\/yoast.com\/wordpress\/plugins\/seo\/ -->\n<title>Projektmanagement - IAS-Salcher GmbH<\/title>\n<meta name=\"robots\" content=\"index, follow, max-snippet:-1, max-image-preview:large, max-video-preview:-1\" \/>\n<link rel=\"canonical\" href=\"https:\/\/ias-salcher.at\/index.php\/projektmanagement\/\" \/>\n<meta property=\"og:locale\" content=\"de_DE\" \/>\n<meta property=\"og:type\" content=\"article\" \/>\n<meta property=\"og:title\" content=\"Projektmanagement - IAS-Salcher GmbH\" \/>\n<meta property=\"og:description\" content=\"ProjektmanagementWir liefern Projektmanagement in der Automatisierungstechnik \u2013 strukturiert, terminsicher, l\u00f6sungsorientiert. Komplexe Projekte brauchen klare Strukturen, transparente Kommunikation und einen verl\u00e4sslichen Partner an der Seite.Wir liefern. Mit unserer langj\u00e4hrigen Erfahrung im Projektmanagement sorgen wir daf\u00fcr, dass Ihre Automatisierungsprojekte effizient geplant, koordiniert und erfolgreich umgesetzt werden \u2013 von der ersten Idee bis zur finalen Abnahme. Unsere Leistungen [&hellip;]\" \/>\n<meta property=\"og:url\" content=\"https:\/\/ias-salcher.at\/index.php\/projektmanagement\/\" \/>\n<meta property=\"og:site_name\" content=\"IAS-Salcher GmbH\" \/>\n<meta property=\"article:modified_time\" content=\"2025-09-20T08:51:15+00:00\" \/>\n<meta name=\"twitter:card\" content=\"summary_large_image\" \/>\n<meta name=\"twitter:label1\" content=\"Gesch\u00e4tzte Lesezeit\" \/>\n\t<meta name=\"twitter:data1\" content=\"2\u00a0Minuten\" \/>\n<script type=\"application\/ld+json\" class=\"yoast-schema-graph\">{\"@context\":\"https:\/\/schema.org\",\"@graph\":[{\"@type\":\"WebPage\",\"@id\":\"https:\/\/ias-salcher.at\/index.php\/projektmanagement\/\",\"url\":\"https:\/\/ias-salcher.at\/index.php\/projektmanagement\/\",\"name\":\"Projektmanagement - IAS-Salcher GmbH\",\"isPartOf\":{\"@id\":\"https:\/\/ias-salcher.at\/#website\"},\"datePublished\":\"2025-07-16T15:23:32+00:00\",\"dateModified\":\"2025-09-20T08:51:15+00:00\",\"breadcrumb\":{\"@id\":\"https:\/\/ias-salcher.at\/index.php\/projektmanagement\/#breadcrumb\"},\"inLanguage\":\"de\",\"potentialAction\":[{\"@type\":\"ReadAction\",\"target\":[\"https:\/\/ias-salcher.at\/index.php\/projektmanagement\/\"]}]},{\"@type\":\"BreadcrumbList\",\"@id\":\"https:\/\/ias-salcher.at\/index.php\/projektmanagement\/#breadcrumb\",\"itemListElement\":[{\"@type\":\"ListItem\",\"position\":1,\"name\":\"Startseite\",\"item\":\"https:\/\/ias-salcher.at\/\"},{\"@type\":\"ListItem\",\"position\":2,\"name\":\"Projektmanagement\"}]},{\"@type\":\"WebSite\",\"@id\":\"https:\/\/ias-salcher.at\/#website\",\"url\":\"https:\/\/ias-salcher.at\/\",\"name\":\"IAS-Salcher GmbH\",\"description\":\"\",\"publisher\":{\"@id\":\"https:\/\/ias-salcher.at\/#organization\"},\"potentialAction\":[{\"@type\":\"SearchAction\",\"target\":{\"@type\":\"EntryPoint\",\"urlTemplate\":\"https:\/\/ias-salcher.at\/?s={search_term_string}\"},\"query-input\":{\"@type\":\"PropertyValueSpecification\",\"valueRequired\":true,\"valueName\":\"search_term_string\"}}],\"inLanguage\":\"de\"},{\"@type\":\"Organization\",\"@id\":\"https:\/\/ias-salcher.at\/#organization\",\"name\":\"IAS-Salcher GmbH\",\"url\":\"https:\/\/ias-salcher.at\/\",\"logo\":{\"@type\":\"ImageObject\",\"inLanguage\":\"de\",\"@id\":\"https:\/\/ias-salcher.at\/#\/schema\/logo\/image\/\",\"url\":\"https:\/\/ias-salcher.at\/wordpress\/wp-content\/uploads\/2025\/07\/Firmenlogo.png\",\"contentUrl\":\"https:\/\/ias-salcher.at\/wordpress\/wp-content\/uploads\/2025\/07\/Firmenlogo.png\",\"width\":130,\"height\":100,\"caption\":\"IAS-Salcher GmbH\"},\"image\":{\"@id\":\"https:\/\/ias-salcher.at\/#\/schema\/logo\/image\/\"},\"sameAs\":[\"https:\/\/at.linkedin.com\/company\/ias-salcher\"]}]}<\/script>\n<!-- \/ Yoast SEO plugin. -->","yoast_head_json":{"title":"Projektmanagement - IAS-Salcher GmbH","robots":{"index":"index","follow":"follow","max-snippet":"max-snippet:-1","max-image-preview":"max-image-preview:large","max-video-preview":"max-video-preview:-1"},"canonical":"https:\/\/ias-salcher.at\/index.php\/projektmanagement\/","og_locale":"de_DE","og_type":"article","og_title":"Projektmanagement - IAS-Salcher GmbH","og_description":"ProjektmanagementWir liefern Projektmanagement in der Automatisierungstechnik \u2013 strukturiert, terminsicher, l\u00f6sungsorientiert. Komplexe Projekte brauchen klare Strukturen, transparente Kommunikation und einen verl\u00e4sslichen Partner an der Seite.Wir liefern. Mit unserer langj\u00e4hrigen Erfahrung im Projektmanagement sorgen wir daf\u00fcr, dass Ihre Automatisierungsprojekte effizient geplant, koordiniert und erfolgreich umgesetzt werden \u2013 von der ersten Idee bis zur finalen Abnahme. Unsere Leistungen [&hellip;]","og_url":"https:\/\/ias-salcher.at\/index.php\/projektmanagement\/","og_site_name":"IAS-Salcher GmbH","article_modified_time":"2025-09-20T08:51:15+00:00","twitter_card":"summary_large_image","twitter_misc":{"Gesch\u00e4tzte Lesezeit":"2\u00a0Minuten"},"schema":{"@context":"https:\/\/schema.org","@graph":[{"@type":"WebPage","@id":"https:\/\/ias-salcher.at\/index.php\/projektmanagement\/","url":"https:\/\/ias-salcher.at\/index.php\/projektmanagement\/","name":"Projektmanagement - IAS-Salcher GmbH","isPartOf":{"@id":"https:\/\/ias-salcher.at\/#website"},"datePublished":"2025-07-16T15:23:32+00:00","dateModified":"2025-09-20T08:51:15+00:00","breadcrumb":{"@id":"https:\/\/ias-salcher.at\/index.php\/projektmanagement\/#breadcrumb"},"inLanguage":"de","potentialAction":[{"@type":"ReadAction","target":["https:\/\/ias-salcher.at\/index.php\/projektmanagement\/"]}]},{"@type":"BreadcrumbList","@id":"https:\/\/ias-salcher.at\/index.php\/projektmanagement\/#breadcrumb","itemListElement":[{"@type":"ListItem","position":1,"name":"Startseite","item":"https:\/\/ias-salcher.at\/"},{"@type":"ListItem","position":2,"name":"Projektmanagement"}]},{"@type":"WebSite","@id":"https:\/\/ias-salcher.at\/#website","url":"https:\/\/ias-salcher.at\/","name":"IAS-Salcher GmbH","description":"","publisher":{"@id":"https:\/\/ias-salcher.at\/#organization"},"potentialAction":[{"@type":"SearchAction","target":{"@type":"EntryPoint","urlTemplate":"https:\/\/ias-salcher.at\/?s={search_term_string}"},"query-input":{"@type":"PropertyValueSpecification","valueRequired":true,"valueName":"search_term_string"}}],"inLanguage":"de"},{"@type":"Organization","@id":"https:\/\/ias-salcher.at\/#organization","name":"IAS-Salcher GmbH","url":"https:\/\/ias-salcher.at\/","logo":{"@type":"ImageObject","inLanguage":"de","@id":"https:\/\/ias-salcher.at\/#\/schema\/logo\/image\/","url":"https:\/\/ias-salcher.at\/wordpress\/wp-content\/uploads\/2025\/07\/Firmenlogo.png","contentUrl":"https:\/\/ias-salcher.at\/wordpress\/wp-content\/uploads\/2025\/07\/Firmenlogo.png","width":130,"height":100,"caption":"IAS-Salcher GmbH"},"image":{"@id":"https:\/\/ias-salcher.at\/#\/schema\/logo\/image\/"},"sameAs":["https:\/\/at.linkedin.com\/company\/ias-salcher"]}]}},"_links":{"self":[{"href":"https:\/\/ias-salcher.at\/index.php\/wp-json\/wp\/v2\/pages\/1027","targetHints":{"allow":["GET"]}}],"collection":[{"href":"https:\/\/ias-salcher.at\/index.php\/wp-json\/wp\/v2\/pages"}],"about":[{"href":"https:\/\/ias-salcher.at\/index.php\/wp-json\/wp\/v2\/types\/page"}],"author":[{"embeddable":true,"href":"https:\/\/ias-salcher.at\/index.php\/wp-json\/wp\/v2\/users\/2"}],"replies":[{"embeddable":true,"href":"https:\/\/ias-salcher.at\/index.php\/wp-json\/wp\/v2\/comments?post=1027"}],"version-history":[{"count":1,"href":"https:\/\/ias-salcher.at\/index.php\/wp-json\/wp\/v2\/pages\/1027\/revisions"}],"predecessor-version":[{"id":1269,"href":"https:\/\/ias-salcher.at\/index.php\/wp-json\/wp\/v2\/pages\/1027\/revisions\/1269"}],"wp:attachment":[{"href":"https:\/\/ias-salcher.at\/index.php\/wp-json\/wp\/v2\/media?parent=1027"}],"curies":[{"name":"wp","href":"https:\/\/api.w.org\/{rel}","templated":true}]}}